{"id":1292,"date":"2024-12-09T18:56:11","date_gmt":"2024-12-09T17:56:11","guid":{"rendered":"https:\/\/www.collezioneharabaglia.com\/?page_id=1292"},"modified":"2024-12-18T21:31:29","modified_gmt":"2024-12-18T20:31:29","slug":"pagamento-e-spedizione","status":"publish","type":"page","link":"https:\/\/www.collezioneharabaglia.com\/?page_id=1292","title":{"rendered":"Pagamento e spedizione"},"content":{"rendered":"\t\t<div data-elementor-type=\"wp-page\" data-elementor-id=\"1292\" class=\"elementor elementor-1292\" data-elementor-post-type=\"page\">\n\t\t\t\t<div class=\"elementor-element elementor-element-28fd796a e-con-full e-flex e-con e-parent\" data-id=\"28fd796a\" data-element_type=\"container\" data-e-type=\"container\" data-settings=\"{&quot;background_background&quot;:&quot;classic&quot;,&quot;sticky&quot;:&quot;top&quot;,&quot;sticky_on&quot;:[&quot;desktop&quot;,&quot;tablet&quot;,&quot;mobile&quot;],&quot;sticky_offset&quot;:0,&quot;sticky_effects_offset&quot;:0,&quot;sticky_anchor_link_offset&quot;:0}\">\n\t\t<div class=\"elementor-element elementor-element-1f84bc10 e-con-full e-flex e-con e-child\" data-id=\"1f84bc10\" data-element_type=\"container\" data-e-type=\"container\">\n\t\t\t\t<div class=\"elementor-element elementor-element-3eb91777 elementor-widget__width-inherit elementor-widget elementor-widget-theme-site-logo elementor-widget-image\" data-id=\"3eb91777\" data-element_type=\"widget\" data-e-type=\"widget\" data-widget_type=\"theme-site-logo.default\">\n\t\t\t\t\t\t\t\t\t\t\t<a href=\"https:\/\/www.collezioneharabaglia.com\">\n\t\t\t<img fetchpriority=\"high\" decoding=\"async\" width=\"512\" height=\"512\" src=\"https:\/\/www.collezioneharabaglia.com\/wp-content\/uploads\/2024\/12\/Logo-Paolo-e1733768262637.png\" class=\"attachment-full size-full wp-image-1310\" alt=\"\" \/>\t\t\t\t<\/a>\n\t\t\t\t\t\t\t\t\t\t\t<\/div>\n\t\t\t\t<\/div>\n\t\t<div class=\"elementor-element elementor-element-1a6769e5 e-con-full e-flex e-con e-child\" data-id=\"1a6769e5\" data-element_type=\"container\" data-e-type=\"container\" data-settings=\"{&quot;background_background&quot;:&quot;classic&quot;}\">\n\t\t\t\t<div class=\"elementor-element elementor-element-fc45380 elementor-nav-menu__align-start elementor-nav-menu--dropdown-mobile elementor-nav-menu--stretch elementor-nav-menu__text-align-aside elementor-nav-menu--toggle elementor-nav-menu--burger elementor-widget elementor-widget-nav-menu\" data-id=\"fc45380\" data-element_type=\"widget\" data-e-type=\"widget\" data-settings=\"{&quot;submenu_icon&quot;:{&quot;value&quot;:&quot;&lt;svg class=\\&quot;fa-svg-chevron-down e-font-icon-svg e-fas-chevron-down\\&quot; viewBox=\\&quot;0 0 448 512\\&quot; xmlns=\\&quot;http:\\\/\\\/www.w3.org\\\/2000\\\/svg\\&quot;&gt;&lt;path d=\\&quot;M207.029 381.476L12.686 187.132c-9.373-9.373-9.373-24.569 0-33.941l22.667-22.667c9.357-9.357 24.522-9.375 33.901-.04L224 284.505l154.745-154.021c9.379-9.335 24.544-9.317 33.901.04l22.667 22.667c9.373 9.373 9.373 24.569 0 33.941L240.971 381.476c-9.373 9.372-24.569 9.372-33.942 0z\\&quot;&gt;&lt;\\\/path&gt;&lt;\\\/svg&gt;&quot;,&quot;library&quot;:&quot;fa-solid&quot;},&quot;toggle_icon_hover_animation&quot;:&quot;grow&quot;,&quot;full_width&quot;:&quot;stretch&quot;,&quot;layout&quot;:&quot;horizontal&quot;,&quot;toggle&quot;:&quot;burger&quot;}\" data-widget_type=\"nav-menu.default\">\n\t\t\t\t\t\t\t\t<nav aria-label=\"Menu\" class=\"elementor-nav-menu--main elementor-nav-menu__container elementor-nav-menu--layout-horizontal e--pointer-double-line e--animation-drop-in\">\n\t\t\t\t<ul id=\"menu-1-fc45380\" class=\"elementor-nav-menu\"><li class=\"menu-item menu-item-type-custom menu-item-object-custom menu-item-home menu-item-290\"><a href=\"https:\/\/www.collezioneharabaglia.com\/\" class=\"elementor-item\">HOME<\/a><\/li>\n<li class=\"menu-item menu-item-type-post_type menu-item-object-page menu-item-361\"><a href=\"https:\/\/www.collezioneharabaglia.com\/?page_id=359\" class=\"elementor-item\">CHI SONO<\/a><\/li>\n<li class=\"menu-item menu-item-type-post_type menu-item-object-page menu-item-1295\"><a href=\"https:\/\/www.collezioneharabaglia.com\/?page_id=1290\" class=\"elementor-item\">POLITICA DEI PREZZI<\/a><\/li>\n<li class=\"menu-item menu-item-type-post_type menu-item-object-page menu-item-1294\"><a href=\"https:\/\/www.collezioneharabaglia.com\/?page_id=1292\" class=\"elementor-item\">PAGAMENTI E SPEDIZIONI<\/a><\/li>\n<li class=\"menu-item menu-item-type-post_type menu-item-object-page menu-item-700\"><a href=\"https:\/\/www.collezioneharabaglia.com\/?page_id=694\" class=\"elementor-item\">TUTTI I MODELLI<\/a><\/li>\n<\/ul>\t\t\t<\/nav>\n\t\t\t\t\t<div class=\"elementor-menu-toggle\" role=\"button\" tabindex=\"0\" aria-label=\"Menu di commutazione\" aria-expanded=\"false\">\n\t\t\t<svg aria-hidden=\"true\" role=\"presentation\" class=\"elementor-menu-toggle__icon--open elementor-animation-grow e-font-icon-svg e-fas-bars\" viewBox=\"0 0 448 512\" xmlns=\"http:\/\/www.w3.org\/2000\/svg\"><path d=\"M16 132h416c8.837 0 16-7.163 16-16V76c0-8.837-7.163-16-16-16H16C7.163 60 0 67.163 0 76v40c0 8.837 7.163 16 16 16zm0 160h416c8.837 0 16-7.163 16-16v-40c0-8.837-7.163-16-16-16H16c-8.837 0-16 7.163-16 16v40c0 8.837 7.163 16 16 16zm0 160h416c8.837 0 16-7.163 16-16v-40c0-8.837-7.163-16-16-16H16c-8.837 0-16 7.163-16 16v40c0 8.837 7.163 16 16 16z\"><\/path><\/svg><svg aria-hidden=\"true\" role=\"presentation\" class=\"elementor-menu-toggle__icon--close elementor-animation-grow e-font-icon-svg e-eicon-close\" viewBox=\"0 0 1000 1000\" xmlns=\"http:\/\/www.w3.org\/2000\/svg\"><path d=\"M742 167L500 408 258 167C246 154 233 150 217 150 196 150 179 158 167 167 154 179 150 196 150 212 150 229 154 242 171 254L408 500 167 742C138 771 138 800 167 829 196 858 225 858 254 829L496 587 738 829C750 842 767 846 783 846 800 846 817 842 829 829 842 817 846 804 846 783 846 767 842 750 829 737L588 500 833 258C863 229 863 200 833 171 804 137 775 137 742 167Z\"><\/path><\/svg>\t\t<\/div>\n\t\t\t\t\t<nav class=\"elementor-nav-menu--dropdown elementor-nav-menu__container\" aria-hidden=\"true\">\n\t\t\t\t<ul id=\"menu-2-fc45380\" class=\"elementor-nav-menu\"><li class=\"menu-item menu-item-type-custom menu-item-object-custom menu-item-home menu-item-290\"><a href=\"https:\/\/www.collezioneharabaglia.com\/\" class=\"elementor-item\" tabindex=\"-1\">HOME<\/a><\/li>\n<li class=\"menu-item menu-item-type-post_type menu-item-object-page menu-item-361\"><a href=\"https:\/\/www.collezioneharabaglia.com\/?page_id=359\" class=\"elementor-item\" tabindex=\"-1\">CHI SONO<\/a><\/li>\n<li class=\"menu-item menu-item-type-post_type menu-item-object-page menu-item-1295\"><a href=\"https:\/\/www.collezioneharabaglia.com\/?page_id=1290\" class=\"elementor-item\" tabindex=\"-1\">POLITICA DEI PREZZI<\/a><\/li>\n<li class=\"menu-item menu-item-type-post_type menu-item-object-page menu-item-1294\"><a href=\"https:\/\/www.collezioneharabaglia.com\/?page_id=1292\" class=\"elementor-item\" tabindex=\"-1\">PAGAMENTI E SPEDIZIONI<\/a><\/li>\n<li class=\"menu-item menu-item-type-post_type menu-item-object-page menu-item-700\"><a href=\"https:\/\/www.collezioneharabaglia.com\/?page_id=694\" class=\"elementor-item\" tabindex=\"-1\">TUTTI I MODELLI<\/a><\/li>\n<\/ul>\t\t\t<\/nav>\n\t\t\t\t\t\t<\/div>\n\t\t\t\t<\/div>\n\t\t\t\t<\/div>\n\t\t<div class=\"elementor-element elementor-element-f5da876 e-flex e-con-boxed e-con e-parent\" data-id=\"f5da876\" data-element_type=\"container\" data-e-type=\"container\">\n\t\t\t\t\t<div class=\"e-con-inner\">\n\t\t<div class=\"elementor-element elementor-element-7fb2057 e-con-full e-flex e-con e-child\" data-id=\"7fb2057\" data-element_type=\"container\" data-e-type=\"container\">\n\t\t\t\t<div class=\"elementor-element elementor-element-794f028 elementor-widget elementor-widget-heading\" data-id=\"794f028\" data-element_type=\"widget\" data-e-type=\"widget\" data-widget_type=\"heading.default\">\n\t\t\t\t\t<h3 class=\"elementor-heading-title elementor-size-default\">Pagamenti e spedizione<\/h3>\t\t\t\t<\/div>\n\t\t\t\t<div class=\"elementor-element elementor-element-b92c3a5 elementor-widget elementor-widget-text-editor\" data-id=\"b92c3a5\" data-element_type=\"widget\" data-e-type=\"widget\" data-widget_type=\"text-editor.default\">\n\t\t\t\t\t\t\t\t\t<p>Vi offro due strade, contrassegno o pagamento anticipato. Nel caso di pagamento anticipato potete scegliere fra un bonifico e un pagamento su Paypal.<\/p><p>Poich\u00e9 non sono nel business delle spedizioni, vi spedir\u00f2 il materiale con la modalit\u00e0 da voi scelta rammentandovi che il pacco partir\u00e0 sempre da Taranto. Quindi mi indicherete il tipo di servizio desiderato e aggiungerete l\u2019importo relativo al totale.<\/p><p>L\u2019imballo \u00e8 a mio carico per acquisti superiori a 15 euro e pari a 2 euro per cifre inferiori.<\/p><p>Attenzione, per evitare errori \u00e8 necessario che mi mandiate via e-mail le coordinate esatte per il recapito.<\/p>\t\t\t\t\t\t\t\t<\/div>\n\t\t\t\t<\/div>\n\t\t<div class=\"elementor-element elementor-element-9deb6ff e-con-full e-flex e-con e-child\" data-id=\"9deb6ff\" data-element_type=\"container\" data-e-type=\"container\">\n\t\t\t\t<div class=\"elementor-element elementor-element-bf67ad2 elementor-widget elementor-widget-heading\" data-id=\"bf67ad2\" data-element_type=\"widget\" data-e-type=\"widget\" data-widget_type=\"heading.default\">\n\t\t\t\t\t<h3 class=\"elementor-heading-title elementor-size-default\">Diritto di rimborso e recesso<\/h3>\t\t\t\t<\/div>\n\t\t\t\t<div class=\"elementor-element elementor-element-876cd15 elementor-widget elementor-widget-text-editor\" data-id=\"876cd15\" data-element_type=\"widget\" data-e-type=\"widget\" data-widget_type=\"text-editor.default\">\n\t\t\t\t\t\t\t\t\t<p>Poich\u00e9 si tratta di transazione da privato a privato di materiale usato, non vi \u00e8 alcun diritto di recesso, tuttavia, qualora il pacco dovesse giungere danneggiato, non esiter\u00f2 a rifondervi, previa restituzione del pacco stesso. Inoltre quando scrivo di non aver mai tolto il modello dalla scatola, intendo dire anche che non ne ho mai verificato l\u2019integrit\u00e0 ed il funzionamento.<\/p>\t\t\t\t\t\t\t\t<\/div>\n\t\t\t\t<\/div>\n\t\t<div class=\"elementor-element elementor-element-d5c2a9d e-con-full e-flex e-con e-child\" data-id=\"d5c2a9d\" data-element_type=\"container\" data-e-type=\"container\">\n\t\t\t\t<div class=\"elementor-element elementor-element-93b02af elementor-widget elementor-widget-heading\" data-id=\"93b02af\" data-element_type=\"widget\" data-e-type=\"widget\" data-widget_type=\"heading.default\">\n\t\t\t\t\t<h3 class=\"elementor-heading-title elementor-size-default\">Visione dei modelli<\/h3>\t\t\t\t<\/div>\n\t\t\t\t<div class=\"elementor-element elementor-element-342cd84 elementor-widget elementor-widget-text-editor\" data-id=\"342cd84\" data-element_type=\"widget\" data-e-type=\"widget\" data-widget_type=\"text-editor.default\">\n\t\t\t\t\t\t\t\t\t<p>I modelli sono visionabili a Taranto (dove vivo) e Potenza (dove lavoro) e provabili se portate con voi l\u2019attrezzatura necessaria.<\/p>\t\t\t\t\t\t\t\t<\/div>\n\t\t\t\t<\/div>\n\t\t<div class=\"elementor-element elementor-element-72915eb e-con-full e-flex e-con e-child\" data-id=\"72915eb\" data-element_type=\"container\" data-e-type=\"container\">\n\t\t\t\t<div class=\"elementor-element elementor-element-2866f9a elementor-widget elementor-widget-heading\" data-id=\"2866f9a\" data-element_type=\"widget\" data-e-type=\"widget\" data-widget_type=\"heading.default\">\n\t\t\t\t\t<h3 class=\"elementor-heading-title elementor-size-default\">Foreign customers\n<\/h3>\t\t\t\t<\/div>\n\t\t\t\t<div class=\"elementor-element elementor-element-bbc7f8b elementor-widget elementor-widget-text-editor\" data-id=\"bbc7f8b\" data-element_type=\"widget\" data-e-type=\"widget\" data-widget_type=\"text-editor.default\">\n\t\t\t\t\t\t\t\t\t<p>If you are not Italian, please contact me directly at <a href=\"mailto:paolo.harabaglia1@gmail.com\">paolo.harabaglia1@gmail.com<\/a> but please remember that my answer could take up to 72 hours, since I do not manage the e-mail account personally.<\/p>\t\t\t\t\t\t\t\t<\/div>\n\t\t\t\t<div class=\"elementor-element elementor-element-08b6edc elementor-widget elementor-widget-spacer\" data-id=\"08b6edc\" data-element_type=\"widget\" data-e-type=\"widget\" data-widget_type=\"spacer.default\">\n\t\t\t\t\t\t\t<div class=\"elementor-spacer\">\n\t\t\t<div class=\"elementor-spacer-inner\"><\/div>\n\t\t<\/div>\n\t\t\t\t\t\t<\/div>\n\t\t\t\t<\/div>\n\t\t\t\t\t<\/div>\n\t\t\t\t<\/div>\n\t\t<div class=\"elementor-element elementor-element-2cc30df4 e-flex e-con-boxed e-con e-parent\" data-id=\"2cc30df4\" data-element_type=\"container\" data-e-type=\"container\" data-settings=\"{&quot;background_background&quot;:&quot;classic&quot;,&quot;shape_divider_top&quot;:&quot;mountains&quot;,&quot;shape_divider_bottom&quot;:&quot;waves&quot;}\">\n\t\t\t\t\t<div class=\"e-con-inner\">\n\t\t\t\t<div class=\"elementor-shape elementor-shape-top\" aria-hidden=\"true\" data-negative=\"false\">\n\t\t\t<svg xmlns=\"http:\/\/www.w3.org\/2000\/svg\" viewBox=\"0 0 1000 100\" preserveAspectRatio=\"none\">\n\t<path class=\"elementor-shape-fill\" opacity=\"0.33\" d=\"M473,67.3c-203.9,88.3-263.1-34-320.3,0C66,119.1,0,59.7,0,59.7V0h1000v59.7 c0,0-62.1,26.1-94.9,29.3c-32.8,3.3-62.8-12.3-75.8-22.1C806,49.6,745.3,8.7,694.9,4.7S492.4,59,473,67.3z\"\/>\n\t<path class=\"elementor-shape-fill\" opacity=\"0.66\" d=\"M734,67.3c-45.5,0-77.2-23.2-129.1-39.1c-28.6-8.7-150.3-10.1-254,39.1 s-91.7-34.4-149.2,0C115.7,118.3,0,39.8,0,39.8V0h1000v36.5c0,0-28.2-18.5-92.1-18.5C810.2,18.1,775.7,67.3,734,67.3z\"\/>\n\t<path class=\"elementor-shape-fill\" d=\"M766.1,28.9c-200-57.5-266,65.5-395.1,19.5C242,1.8,242,5.4,184.8,20.6C128,35.8,132.3,44.9,89.9,52.5C28.6,63.7,0,0,0,0 h1000c0,0-9.9,40.9-83.6,48.1S829.6,47,766.1,28.9z\"\/>\n<\/svg>\t\t<\/div>\n\t\t\t\t<div class=\"elementor-shape elementor-shape-bottom\" aria-hidden=\"true\" data-negative=\"false\">\n\t\t\t<svg xmlns=\"http:\/\/www.w3.org\/2000\/svg\" viewBox=\"0 0 1000 100\" preserveAspectRatio=\"none\">\n\t<path class=\"elementor-shape-fill\" d=\"M421.9,6.5c22.6-2.5,51.5,0.4,75.5,5.3c23.6,4.9,70.9,23.5,100.5,35.7c75.8,32.2,133.7,44.5,192.6,49.7\n\tc23.6,2.1,48.7,3.5,103.4-2.5c54.7-6,106.2-25.6,106.2-25.6V0H0v30.3c0,0,72,32.6,158.4,30.5c39.2-0.7,92.8-6.7,134-22.4\n\tc21.2-8.1,52.2-18.2,79.7-24.2C399.3,7.9,411.6,7.5,421.9,6.5z\"\/>\n<\/svg>\t\t<\/div>\n\t\t<div class=\"elementor-element elementor-element-59d27256 e-con-full e-flex e-con e-child\" data-id=\"59d27256\" data-element_type=\"container\" data-e-type=\"container\">\n\t\t<div class=\"elementor-element elementor-element-55d5c394 e-con-full e-flex e-con e-child\" data-id=\"55d5c394\" data-element_type=\"container\" data-e-type=\"container\">\n\t\t\t\t<div class=\"elementor-element elementor-element-3dcce103 elementor-hidden-mobile elementor-hidden-tablet elementor-widget elementor-widget-theme-site-logo elementor-widget-image\" data-id=\"3dcce103\" data-element_type=\"widget\" data-e-type=\"widget\" data-widget_type=\"theme-site-logo.default\">\n\t\t\t\t\t\t\t\t\t\t\t<a href=\"https:\/\/www.collezioneharabaglia.com\">\n\t\t\t<img decoding=\"async\" width=\"800\" height=\"800\" src=\"https:\/\/www.collezioneharabaglia.com\/wp-content\/uploads\/2024\/12\/Logo-Paolo-1024x1024.png\" class=\"attachment-large size-large wp-image-1310\" alt=\"\" srcset=\"https:\/\/www.collezioneharabaglia.com\/wp-content\/uploads\/2024\/12\/Logo-Paolo-1024x1024.png 1024w, https:\/\/www.collezioneharabaglia.com\/wp-content\/uploads\/2024\/12\/Logo-Paolo-300x300.png 300w, https:\/\/www.collezioneharabaglia.com\/wp-content\/uploads\/2024\/12\/Logo-Paolo-150x150.png 150w, https:\/\/www.collezioneharabaglia.com\/wp-content\/uploads\/2024\/12\/Logo-Paolo-768x768.png 768w, https:\/\/www.collezioneharabaglia.com\/wp-content\/uploads\/2024\/12\/Logo-Paolo-e1733768262637.png 512w\" sizes=\"(max-width: 800px) 100vw, 800px\" \/>\t\t\t\t<\/a>\n\t\t\t\t\t\t\t\t\t\t\t<\/div>\n\t\t\t\t<\/div>\n\t\t\t\t<\/div>\n\t\t<div class=\"elementor-element elementor-element-583dbc91 e-con-full e-flex e-con e-child\" data-id=\"583dbc91\" data-element_type=\"container\" data-e-type=\"container\">\n\t\t\t\t<\/div>\n\t\t<div class=\"elementor-element elementor-element-413fd16b e-con-full e-flex e-con e-child\" data-id=\"413fd16b\" data-element_type=\"container\" data-e-type=\"container\">\n\t\t<div class=\"elementor-element elementor-element-526ef20d e-con-full e-flex e-con e-child\" data-id=\"526ef20d\" data-element_type=\"container\" data-e-type=\"container\">\n\t\t\t\t<div class=\"elementor-element elementor-element-2f4d25f8 elementor-widget elementor-widget-heading\" data-id=\"2f4d25f8\" data-element_type=\"widget\" data-e-type=\"widget\" data-widget_type=\"heading.default\">\n\t\t\t\t\t<h3 class=\"elementor-heading-title elementor-size-default\">Indirizzo : Via Cugini, 7 - 74121 - Taranto<\/h3>\t\t\t\t<\/div>\n\t\t\t\t<div class=\"elementor-element elementor-element-49b531fe elementor-widget elementor-widget-heading\" data-id=\"49b531fe\" data-element_type=\"widget\" data-e-type=\"widget\" data-widget_type=\"heading.default\">\n\t\t\t\t\t<h2 class=\"elementor-heading-title elementor-size-default\"><a href=\"http:\/\/paolo.harabaglia1@gmail.com\">E-mail : paolo.harabaglia1@gmail.com<\/a><\/h2>\t\t\t\t<\/div>\n\t\t\t\t<div class=\"elementor-element elementor-element-60e1e12e elementor-widget elementor-widget-heading\" data-id=\"60e1e12e\" data-element_type=\"widget\" data-e-type=\"widget\" data-widget_type=\"heading.default\">\n\t\t\t\t\t<h2 class=\"elementor-heading-title elementor-size-default\">Telefono . +39 348 5716203<\/h2>\t\t\t\t<\/div>\n\t\t\t\t<\/div>\n\t\t\t\t<\/div>\n\t\t\t\t\t<\/div>\n\t\t\t\t<\/div>\n\t\t\t\t<\/div>\n\t\t","protected":false},"excerpt":{"rendered":"<p>Pagamenti e spedizione Vi offro due strade, contrassegno o pagamento anticipato. Nel caso di pagamento anticipato potete scegliere fra un bonifico e un pagamento su Paypal. Poich\u00e9 non sono nel business delle spedizioni, vi spedir\u00f2 il materiale con la modalit\u00e0 da voi scelta rammentandovi che il pacco partir\u00e0 sempre da Taranto. Quindi mi indicherete il [&hellip;]<\/p>\n","protected":false},"author":1,"featured_media":0,"parent":0,"menu_order":0,"comment_status":"closed","ping_status":"closed","template":"","meta":{"footnotes":""},"class_list":["post-1292","page","type-page","status-publish","hentry"],"_links":{"self":[{"href":"https:\/\/www.collezioneharabaglia.com\/index.php?rest_route=\/wp\/v2\/pages\/1292","targetHints":{"allow":["GET"]}}],"collection":[{"href":"https:\/\/www.collezioneharabaglia.com\/index.php?rest_route=\/wp\/v2\/pages"}],"about":[{"href":"https:\/\/www.collezioneharabaglia.com\/index.php?rest_route=\/wp\/v2\/types\/page"}],"author":[{"embeddable":true,"href":"https:\/\/www.collezioneharabaglia.com\/index.php?rest_route=\/wp\/v2\/users\/1"}],"replies":[{"embeddable":true,"href":"https:\/\/www.collezioneharabaglia.com\/index.php?rest_route=%2Fwp%2Fv2%2Fcomments&post=1292"}],"version-history":[{"count":43,"href":"https:\/\/www.collezioneharabaglia.com\/index.php?rest_route=\/wp\/v2\/pages\/1292\/revisions"}],"predecessor-version":[{"id":2104,"href":"https:\/\/www.collezioneharabaglia.com\/index.php?rest_route=\/wp\/v2\/pages\/1292\/revisions\/2104"}],"wp:attachment":[{"href":"https:\/\/www.collezioneharabaglia.com\/index.php?rest_route=%2Fwp%2Fv2%2Fmedia&parent=1292"}],"curies":[{"name":"wp","href":"https:\/\/api.w.org\/{rel}","templated":true}]}}