{"id":359,"date":"2024-12-06T20:02:13","date_gmt":"2024-12-06T19:02:13","guid":{"rendered":"https:\/\/www.collezioneharabaglia.com\/?page_id=359"},"modified":"2024-12-18T21:32:00","modified_gmt":"2024-12-18T20:32:00","slug":"chi-sono","status":"publish","type":"page","link":"https:\/\/www.collezioneharabaglia.com\/?page_id=359","title":{"rendered":"Chi sono"},"content":{"rendered":"\t\t<div data-elementor-type=\"wp-page\" data-elementor-id=\"359\" class=\"elementor elementor-359\" data-elementor-post-type=\"page\">\n\t\t\t\t<div class=\"elementor-element elementor-element-6ba5f891 e-con-full e-flex e-con e-parent\" data-id=\"6ba5f891\" data-element_type=\"container\" data-e-type=\"container\" data-settings=\"{&quot;background_background&quot;:&quot;classic&quot;,&quot;sticky&quot;:&quot;top&quot;,&quot;sticky_on&quot;:[&quot;desktop&quot;,&quot;tablet&quot;,&quot;mobile&quot;],&quot;sticky_offset&quot;:0,&quot;sticky_effects_offset&quot;:0,&quot;sticky_anchor_link_offset&quot;:0}\">\n\t\t<div class=\"elementor-element elementor-element-6fd32235 e-con-full e-flex e-con e-child\" data-id=\"6fd32235\" data-element_type=\"container\" data-e-type=\"container\">\n\t\t\t\t<div class=\"elementor-element elementor-element-78b09bc0 elementor-widget__width-inherit elementor-widget elementor-widget-theme-site-logo elementor-widget-image\" data-id=\"78b09bc0\" data-element_type=\"widget\" data-e-type=\"widget\" data-widget_type=\"theme-site-logo.default\">\n\t\t\t\t\t\t\t\t\t\t\t<a href=\"https:\/\/www.collezioneharabaglia.com\">\n\t\t\t<img fetchpriority=\"high\" decoding=\"async\" width=\"512\" height=\"512\" src=\"https:\/\/www.collezioneharabaglia.com\/wp-content\/uploads\/2024\/12\/Logo-Paolo-e1733768262637.png\" class=\"attachment-full size-full wp-image-1310\" alt=\"\" \/>\t\t\t\t<\/a>\n\t\t\t\t\t\t\t\t\t\t\t<\/div>\n\t\t\t\t<\/div>\n\t\t<div class=\"elementor-element elementor-element-6a860090 e-con-full e-flex e-con e-child\" data-id=\"6a860090\" data-element_type=\"container\" data-e-type=\"container\" data-settings=\"{&quot;background_background&quot;:&quot;classic&quot;}\">\n\t\t\t\t<div class=\"elementor-element elementor-element-1c48e5bb elementor-nav-menu__align-start elementor-nav-menu--dropdown-mobile elementor-nav-menu--stretch elementor-nav-menu__text-align-aside elementor-nav-menu--toggle elementor-nav-menu--burger elementor-widget elementor-widget-nav-menu\" data-id=\"1c48e5bb\" data-element_type=\"widget\" data-e-type=\"widget\" data-settings=\"{&quot;submenu_icon&quot;:{&quot;value&quot;:&quot;&lt;svg class=\\&quot;fa-svg-chevron-down e-font-icon-svg e-fas-chevron-down\\&quot; viewBox=\\&quot;0 0 448 512\\&quot; xmlns=\\&quot;http:\\\/\\\/www.w3.org\\\/2000\\\/svg\\&quot;&gt;&lt;path d=\\&quot;M207.029 381.476L12.686 187.132c-9.373-9.373-9.373-24.569 0-33.941l22.667-22.667c9.357-9.357 24.522-9.375 33.901-.04L224 284.505l154.745-154.021c9.379-9.335 24.544-9.317 33.901.04l22.667 22.667c9.373 9.373 9.373 24.569 0 33.941L240.971 381.476c-9.373 9.372-24.569 9.372-33.942 0z\\&quot;&gt;&lt;\\\/path&gt;&lt;\\\/svg&gt;&quot;,&quot;library&quot;:&quot;fa-solid&quot;},&quot;toggle_icon_hover_animation&quot;:&quot;grow&quot;,&quot;full_width&quot;:&quot;stretch&quot;,&quot;layout&quot;:&quot;horizontal&quot;,&quot;toggle&quot;:&quot;burger&quot;}\" data-widget_type=\"nav-menu.default\">\n\t\t\t\t\t\t\t\t<nav aria-label=\"Menu\" class=\"elementor-nav-menu--main elementor-nav-menu__container elementor-nav-menu--layout-horizontal e--pointer-double-line e--animation-drop-in\">\n\t\t\t\t<ul id=\"menu-1-1c48e5bb\" class=\"elementor-nav-menu\"><li class=\"menu-item menu-item-type-custom menu-item-object-custom menu-item-home menu-item-290\"><a href=\"https:\/\/www.collezioneharabaglia.com\/\" class=\"elementor-item\">HOME<\/a><\/li>\n<li class=\"menu-item menu-item-type-post_type menu-item-object-page menu-item-361\"><a href=\"https:\/\/www.collezioneharabaglia.com\/?page_id=359\" class=\"elementor-item\">CHI SONO<\/a><\/li>\n<li class=\"menu-item menu-item-type-post_type menu-item-object-page menu-item-1295\"><a href=\"https:\/\/www.collezioneharabaglia.com\/?page_id=1290\" class=\"elementor-item\">POLITICA DEI PREZZI<\/a><\/li>\n<li class=\"menu-item menu-item-type-post_type menu-item-object-page menu-item-1294\"><a href=\"https:\/\/www.collezioneharabaglia.com\/?page_id=1292\" class=\"elementor-item\">PAGAMENTI E SPEDIZIONI<\/a><\/li>\n<li class=\"menu-item menu-item-type-post_type menu-item-object-page menu-item-700\"><a href=\"https:\/\/www.collezioneharabaglia.com\/?page_id=694\" class=\"elementor-item\">TUTTI I MODELLI<\/a><\/li>\n<\/ul>\t\t\t<\/nav>\n\t\t\t\t\t<div class=\"elementor-menu-toggle\" role=\"button\" tabindex=\"0\" aria-label=\"Menu di commutazione\" aria-expanded=\"false\">\n\t\t\t<svg aria-hidden=\"true\" role=\"presentation\" class=\"elementor-menu-toggle__icon--open elementor-animation-grow e-font-icon-svg e-fas-bars\" viewBox=\"0 0 448 512\" xmlns=\"http:\/\/www.w3.org\/2000\/svg\"><path d=\"M16 132h416c8.837 0 16-7.163 16-16V76c0-8.837-7.163-16-16-16H16C7.163 60 0 67.163 0 76v40c0 8.837 7.163 16 16 16zm0 160h416c8.837 0 16-7.163 16-16v-40c0-8.837-7.163-16-16-16H16c-8.837 0-16 7.163-16 16v40c0 8.837 7.163 16 16 16zm0 160h416c8.837 0 16-7.163 16-16v-40c0-8.837-7.163-16-16-16H16c-8.837 0-16 7.163-16 16v40c0 8.837 7.163 16 16 16z\"><\/path><\/svg><svg aria-hidden=\"true\" role=\"presentation\" class=\"elementor-menu-toggle__icon--close elementor-animation-grow e-font-icon-svg e-eicon-close\" viewBox=\"0 0 1000 1000\" xmlns=\"http:\/\/www.w3.org\/2000\/svg\"><path d=\"M742 167L500 408 258 167C246 154 233 150 217 150 196 150 179 158 167 167 154 179 150 196 150 212 150 229 154 242 171 254L408 500 167 742C138 771 138 800 167 829 196 858 225 858 254 829L496 587 738 829C750 842 767 846 783 846 800 846 817 842 829 829 842 817 846 804 846 783 846 767 842 750 829 737L588 500 833 258C863 229 863 200 833 171 804 137 775 137 742 167Z\"><\/path><\/svg>\t\t<\/div>\n\t\t\t\t\t<nav class=\"elementor-nav-menu--dropdown elementor-nav-menu__container\" aria-hidden=\"true\">\n\t\t\t\t<ul id=\"menu-2-1c48e5bb\" class=\"elementor-nav-menu\"><li class=\"menu-item menu-item-type-custom menu-item-object-custom menu-item-home menu-item-290\"><a href=\"https:\/\/www.collezioneharabaglia.com\/\" class=\"elementor-item\" tabindex=\"-1\">HOME<\/a><\/li>\n<li class=\"menu-item menu-item-type-post_type menu-item-object-page menu-item-361\"><a href=\"https:\/\/www.collezioneharabaglia.com\/?page_id=359\" class=\"elementor-item\" tabindex=\"-1\">CHI SONO<\/a><\/li>\n<li class=\"menu-item menu-item-type-post_type menu-item-object-page menu-item-1295\"><a href=\"https:\/\/www.collezioneharabaglia.com\/?page_id=1290\" class=\"elementor-item\" tabindex=\"-1\">POLITICA DEI PREZZI<\/a><\/li>\n<li class=\"menu-item menu-item-type-post_type menu-item-object-page menu-item-1294\"><a href=\"https:\/\/www.collezioneharabaglia.com\/?page_id=1292\" class=\"elementor-item\" tabindex=\"-1\">PAGAMENTI E SPEDIZIONI<\/a><\/li>\n<li class=\"menu-item menu-item-type-post_type menu-item-object-page menu-item-700\"><a href=\"https:\/\/www.collezioneharabaglia.com\/?page_id=694\" class=\"elementor-item\" tabindex=\"-1\">TUTTI I MODELLI<\/a><\/li>\n<\/ul>\t\t\t<\/nav>\n\t\t\t\t\t\t<\/div>\n\t\t\t\t<\/div>\n\t\t\t\t<\/div>\n\t\t<div class=\"elementor-element elementor-element-99bff45 e-flex e-con-boxed e-con e-parent\" data-id=\"99bff45\" data-element_type=\"container\" data-e-type=\"container\">\n\t\t\t\t\t<div class=\"e-con-inner\">\n\t\t<div class=\"elementor-element elementor-element-790811d e-con-full e-flex e-con e-child\" data-id=\"790811d\" data-element_type=\"container\" data-e-type=\"container\">\n\t\t\t\t<div class=\"elementor-element elementor-element-ff65340 elementor-widget elementor-widget-heading\" data-id=\"ff65340\" data-element_type=\"widget\" data-e-type=\"widget\" data-widget_type=\"heading.default\">\n\t\t\t\t\t<h1 class=\"elementor-heading-title elementor-size-default\">Mi presento<\/h1>\t\t\t\t<\/div>\n\t\t\t\t<\/div>\n\t\t\t\t\t<\/div>\n\t\t\t\t<\/div>\n\t\t<div class=\"elementor-element elementor-element-2fbcd10 e-flex e-con-boxed e-con e-parent\" data-id=\"2fbcd10\" data-element_type=\"container\" data-e-type=\"container\">\n\t\t\t\t\t<div class=\"e-con-inner\">\n\t\t\t\t<div class=\"elementor-element elementor-element-987f9ba elementor-widget elementor-widget-text-editor\" data-id=\"987f9ba\" data-element_type=\"widget\" data-e-type=\"widget\" data-widget_type=\"text-editor.default\">\n\t\t\t\t\t\t\t\t\t<p>Mi chiamo Paolo Harabaglia e fin dalla pi\u00f9 tenera et\u00e0 sono stato in mezzo ai \u201ctrenini\u201d che mio padre aveva iniziato a comperare prima che nascessi: per quasi 60 anni abbiamo coltivato questa passione in comune accumulandoli nella mia natia Trieste. Poi lui \u00e8 venuto a mancare ed io, che mi ero trasferito al sud da una vita (insegno all\u2019universit\u00e0 di Potenza), ho impacchettato il tutto frettolosamente, per portarlo a Taranto dove vivo.<\/p><p>Purtroppo non ho eredi interessati e quindi ho deciso di cominciare a trovare una nuova casa ai modelli che tanto faticosamente abbiamo raccolto. Il cuore \u00e8 una corposa collezione di modelli artigianali sulle tematiche italiano (solo le locomotive sono un centinaio), CIWL e tram che potrei cedere, a determinate condizioni, esclusivamente in blocco. Mi dicono da pi\u00f9 parti che dovrebbe essere la pi\u00f9 grande di tema italiano e vi garantisco che la fatica per trovare i vari pezzi \u00e8 stata enorme, soprattutto in un\u2019epoca in cui non c\u2019era internet: aste, mercatini, visite a casa dei singoli artigiani\u2026 ma non \u00e8 di questa che vi vorrei parlare: accanto all\u2019ottone ci sono tanti pezzi commerciali. Non ho la minima idea di quanti siano, li ho imballati rapidamente senza inserirli nelle loro scatole. Quelli pi\u00f9 recenti, acquistati dopo il 2000 sono per\u00f2 nelle loro scatole: avevamo infatti riempito la casa di mio padre a tal punto da non poterci pi\u00f9 permettere di toglierli.<\/p><p>Da qui l\u2019idea di costruire un sito apposito per iniziare a trovare loro una nuova collocazione. Comiciamo con il dire cosa non troverete: i miei ultimi acquisti risalgono al 2019 quindi cose pi\u00f9 recenti non ci sono.<\/p><p>Io, pi\u00f9 io forse di mio padre, sono sempre stato un \u201cconvoglista\u201d quindi immaginatevi che il rapporto locomotive\/carri e carrozze \u00e8 sull\u2019ordine di 1 a 10: questo significa che per le produzioni pi\u00f9 datate spesso posso proporre numerose copie dello stesso carro o carrozza poich\u00e9 sono solo 2 o 3 decenni che \u00e8 invalso l\u2019uso di produrre lo stesso modello con differenti numerazioni. Gli anni 80 rappresentano il periodo pi\u00f9 recente coperto dalla collezione. Ci sono modelli ambientati posteriormente ma sono pochi e credo che paradossalmente saranno i primi ad essere messi in vendita in quanto in genere fanno parte di quelli mai tolti dalla scatola. Quando dico che non li abbiamo mai tolti dalla scatola significa che noi non lo abbiamo fatto ma non posso affermare che il venditore all\u2019epoca si fosse comportato allo stesso modo. Aggiungo che non posso neanche provarli perch\u00e9 non so dove siano finiti i trasformatori. Posso invece garantire che i modelli pi\u00f9 datati erano tutti funzionanti. Magari dovrebbero venire puliti, magari i contatti sono ossidati ma non ci sono problemi meccanici: mio padre era un discreto modellista perfettamente in grado di costruire modelli da zero e quindi ne curava personalmente il funzionamento.<\/p>\t\t\t\t\t\t\t\t<\/div>\n\t\t\t\t<div class=\"elementor-element elementor-element-cfab3d9 elementor-widget elementor-widget-heading\" data-id=\"cfab3d9\" data-element_type=\"widget\" data-e-type=\"widget\" data-widget_type=\"heading.default\">\n\t\t\t\t\t<h3 class=\"elementor-heading-title elementor-size-default\">Invito<\/h3>\t\t\t\t<\/div>\n\t\t\t\t\t<\/div>\n\t\t\t\t<\/div>\n\t\t<div class=\"elementor-element elementor-element-50ed4f0 e-flex e-con-boxed e-con e-parent\" data-id=\"50ed4f0\" data-element_type=\"container\" data-e-type=\"container\">\n\t\t\t\t\t<div class=\"e-con-inner\">\n\t\t\t\t<div class=\"elementor-element elementor-element-89c3879 elementor-widget elementor-widget-text-editor\" data-id=\"89c3879\" data-element_type=\"widget\" data-e-type=\"widget\" data-widget_type=\"text-editor.default\">\n\t\t\t\t\t\t\t\t\t<p>Anche se non vi fosse al momento ci\u00f2 che state cercando, tornate ogni tanto a visitare il sito perch\u00e9 sto procedendo alla catalogazione molto lentamente.<\/p>\t\t\t\t\t\t\t\t<\/div>\n\t\t\t\t<div class=\"elementor-element elementor-element-ef83232 elementor-widget elementor-widget-heading\" data-id=\"ef83232\" data-element_type=\"widget\" data-e-type=\"widget\" data-widget_type=\"heading.default\">\n\t\t\t\t\t<h3 class=\"elementor-heading-title elementor-size-default\">Cosa troverete (ma soprattutto in futuro)<\/h3>\t\t\t\t<\/div>\n\t\t\t\t\t<\/div>\n\t\t\t\t<\/div>\n\t\t<div class=\"elementor-element elementor-element-6c987f5 e-flex e-con-boxed e-con e-parent\" data-id=\"6c987f5\" data-element_type=\"container\" data-e-type=\"container\">\n\t\t\t\t\t<div class=\"e-con-inner\">\n\t\t\t\t<div class=\"elementor-element elementor-element-abf3317 elementor-widget elementor-widget-text-editor\" data-id=\"abf3317\" data-element_type=\"widget\" data-e-type=\"widget\" data-widget_type=\"text-editor.default\">\n\t\t\t\t\t\t\t\t\t<p>Prevalentemente italiano, con una netta preferenza per ambientazioni fino agli anni 80, moltissime carrozze passeggeri e carri merci, anche di altre amministrazioni europee che potenzialmente avrebbero potuto essere inserite in composizioni di tipo italiano. Ci sono poi tantissimi CIWL ed un certo numero di pezzi a scartamento ridotto austriaco H0e. Come sempre anche con le migliori intenzioni di darsi delle regole a cui attenersi, il modello fuori tema scappa e quindi qualche locomotiva, qualche automotrice, qualche elettrotreno non italiano ha trovato riparo sotto il mio tetto.<\/p><p>Ci sono poi dei modelli di automobile, in genere di modesto valore, che ogni tanto mio padre acquistava in modo estemporaneo.<\/p>\t\t\t\t\t\t\t\t<\/div>\n\t\t\t\t<div class=\"elementor-element elementor-element-77309d8 elementor-widget elementor-widget-spacer\" data-id=\"77309d8\" data-element_type=\"widget\" data-e-type=\"widget\" data-widget_type=\"spacer.default\">\n\t\t\t\t\t\t\t<div class=\"elementor-spacer\">\n\t\t\t<div class=\"elementor-spacer-inner\"><\/div>\n\t\t<\/div>\n\t\t\t\t\t\t<\/div>\n\t\t\t\t\t<\/div>\n\t\t\t\t<\/div>\n\t\t<div class=\"elementor-element elementor-element-62b1521 e-flex e-con-boxed e-con e-parent\" data-id=\"62b1521\" data-element_type=\"container\" data-e-type=\"container\" data-settings=\"{&quot;background_background&quot;:&quot;classic&quot;,&quot;shape_divider_top&quot;:&quot;mountains&quot;,&quot;shape_divider_bottom&quot;:&quot;waves&quot;}\">\n\t\t\t\t\t<div class=\"e-con-inner\">\n\t\t\t\t<div class=\"elementor-shape elementor-shape-top\" aria-hidden=\"true\" data-negative=\"false\">\n\t\t\t<svg xmlns=\"http:\/\/www.w3.org\/2000\/svg\" viewBox=\"0 0 1000 100\" preserveAspectRatio=\"none\">\n\t<path class=\"elementor-shape-fill\" opacity=\"0.33\" d=\"M473,67.3c-203.9,88.3-263.1-34-320.3,0C66,119.1,0,59.7,0,59.7V0h1000v59.7 c0,0-62.1,26.1-94.9,29.3c-32.8,3.3-62.8-12.3-75.8-22.1C806,49.6,745.3,8.7,694.9,4.7S492.4,59,473,67.3z\"\/>\n\t<path class=\"elementor-shape-fill\" opacity=\"0.66\" d=\"M734,67.3c-45.5,0-77.2-23.2-129.1-39.1c-28.6-8.7-150.3-10.1-254,39.1 s-91.7-34.4-149.2,0C115.7,118.3,0,39.8,0,39.8V0h1000v36.5c0,0-28.2-18.5-92.1-18.5C810.2,18.1,775.7,67.3,734,67.3z\"\/>\n\t<path class=\"elementor-shape-fill\" d=\"M766.1,28.9c-200-57.5-266,65.5-395.1,19.5C242,1.8,242,5.4,184.8,20.6C128,35.8,132.3,44.9,89.9,52.5C28.6,63.7,0,0,0,0 h1000c0,0-9.9,40.9-83.6,48.1S829.6,47,766.1,28.9z\"\/>\n<\/svg>\t\t<\/div>\n\t\t\t\t<div class=\"elementor-shape elementor-shape-bottom\" aria-hidden=\"true\" data-negative=\"false\">\n\t\t\t<svg xmlns=\"http:\/\/www.w3.org\/2000\/svg\" viewBox=\"0 0 1000 100\" preserveAspectRatio=\"none\">\n\t<path class=\"elementor-shape-fill\" d=\"M421.9,6.5c22.6-2.5,51.5,0.4,75.5,5.3c23.6,4.9,70.9,23.5,100.5,35.7c75.8,32.2,133.7,44.5,192.6,49.7\n\tc23.6,2.1,48.7,3.5,103.4-2.5c54.7-6,106.2-25.6,106.2-25.6V0H0v30.3c0,0,72,32.6,158.4,30.5c39.2-0.7,92.8-6.7,134-22.4\n\tc21.2-8.1,52.2-18.2,79.7-24.2C399.3,7.9,411.6,7.5,421.9,6.5z\"\/>\n<\/svg>\t\t<\/div>\n\t\t<div class=\"elementor-element elementor-element-60c8c5f1 e-con-full e-flex e-con e-child\" data-id=\"60c8c5f1\" data-element_type=\"container\" data-e-type=\"container\">\n\t\t<div class=\"elementor-element elementor-element-3f1829bd e-con-full e-flex e-con e-child\" data-id=\"3f1829bd\" data-element_type=\"container\" data-e-type=\"container\">\n\t\t\t\t<div class=\"elementor-element elementor-element-2af2792c elementor-hidden-mobile elementor-widget elementor-widget-theme-site-logo elementor-widget-image\" data-id=\"2af2792c\" data-element_type=\"widget\" data-e-type=\"widget\" data-widget_type=\"theme-site-logo.default\">\n\t\t\t\t\t\t\t\t\t\t\t<a href=\"https:\/\/www.collezioneharabaglia.com\">\n\t\t\t<img decoding=\"async\" width=\"800\" height=\"800\" src=\"https:\/\/www.collezioneharabaglia.com\/wp-content\/uploads\/2024\/12\/Logo-Paolo-1024x1024.png\" class=\"attachment-large size-large wp-image-1310\" alt=\"\" srcset=\"https:\/\/www.collezioneharabaglia.com\/wp-content\/uploads\/2024\/12\/Logo-Paolo-1024x1024.png 1024w, https:\/\/www.collezioneharabaglia.com\/wp-content\/uploads\/2024\/12\/Logo-Paolo-300x300.png 300w, https:\/\/www.collezioneharabaglia.com\/wp-content\/uploads\/2024\/12\/Logo-Paolo-150x150.png 150w, https:\/\/www.collezioneharabaglia.com\/wp-content\/uploads\/2024\/12\/Logo-Paolo-768x768.png 768w, https:\/\/www.collezioneharabaglia.com\/wp-content\/uploads\/2024\/12\/Logo-Paolo-e1733768262637.png 512w\" sizes=\"(max-width: 800px) 100vw, 800px\" \/>\t\t\t\t<\/a>\n\t\t\t\t\t\t\t\t\t\t\t<\/div>\n\t\t\t\t<\/div>\n\t\t\t\t<\/div>\n\t\t<div class=\"elementor-element elementor-element-6ec6ea44 e-con-full e-flex e-con e-child\" data-id=\"6ec6ea44\" data-element_type=\"container\" data-e-type=\"container\">\n\t\t\t\t<\/div>\n\t\t<div class=\"elementor-element elementor-element-7e8506f1 e-con-full e-flex e-con e-child\" data-id=\"7e8506f1\" data-element_type=\"container\" data-e-type=\"container\">\n\t\t<div class=\"elementor-element elementor-element-526d60d4 e-con-full e-flex e-con e-child\" data-id=\"526d60d4\" data-element_type=\"container\" data-e-type=\"container\">\n\t\t\t\t<div class=\"elementor-element elementor-element-1e66b748 elementor-widget elementor-widget-heading\" data-id=\"1e66b748\" data-element_type=\"widget\" data-e-type=\"widget\" data-widget_type=\"heading.default\">\n\t\t\t\t\t<h3 class=\"elementor-heading-title elementor-size-default\">Indirizzo : Via Cugini, 7 - 74121 - Taranto<\/h3>\t\t\t\t<\/div>\n\t\t\t\t<div class=\"elementor-element elementor-element-208e547c elementor-widget elementor-widget-heading\" data-id=\"208e547c\" data-element_type=\"widget\" data-e-type=\"widget\" data-widget_type=\"heading.default\">\n\t\t\t\t\t<h2 class=\"elementor-heading-title elementor-size-default\"><a href=\"http:\/\/paolo.harabaglia1@gmail.com\">E-mail : paolo.harabaglia1@gmail.com<\/a><\/h2>\t\t\t\t<\/div>\n\t\t\t\t<div class=\"elementor-element elementor-element-1004367f elementor-widget elementor-widget-heading\" data-id=\"1004367f\" data-element_type=\"widget\" data-e-type=\"widget\" data-widget_type=\"heading.default\">\n\t\t\t\t\t<h2 class=\"elementor-heading-title elementor-size-default\">Telefono . +39 348 5716203<\/h2>\t\t\t\t<\/div>\n\t\t\t\t<\/div>\n\t\t\t\t<\/div>\n\t\t\t\t\t<\/div>\n\t\t\t\t<\/div>\n\t\t\t\t<\/div>\n\t\t","protected":false},"excerpt":{"rendered":"<p>Mi presento Mi chiamo Paolo Harabaglia e fin dalla pi\u00f9 tenera et\u00e0 sono stato in mezzo ai \u201ctrenini\u201d che mio padre aveva iniziato a comperare prima che nascessi: per quasi 60 anni abbiamo coltivato questa passione in comune accumulandoli nella mia natia Trieste. Poi lui \u00e8 venuto a mancare ed io, che mi ero trasferito [&hellip;]<\/p>\n","protected":false},"author":1,"featured_media":0,"parent":0,"menu_order":0,"comment_status":"closed","ping_status":"closed","template":"","meta":{"footnotes":""},"class_list":["post-359","page","type-page","status-publish","hentry"],"_links":{"self":[{"href":"https:\/\/www.collezioneharabaglia.com\/index.php?rest_route=\/wp\/v2\/pages\/359","targetHints":{"allow":["GET"]}}],"collection":[{"href":"https:\/\/www.collezioneharabaglia.com\/index.php?rest_route=\/wp\/v2\/pages"}],"about":[{"href":"https:\/\/www.collezioneharabaglia.com\/index.php?rest_route=\/wp\/v2\/types\/page"}],"author":[{"embeddable":true,"href":"https:\/\/www.collezioneharabaglia.com\/index.php?rest_route=\/wp\/v2\/users\/1"}],"replies":[{"embeddable":true,"href":"https:\/\/www.collezioneharabaglia.com\/index.php?rest_route=%2Fwp%2Fv2%2Fcomments&post=359"}],"version-history":[{"count":160,"href":"https:\/\/www.collezioneharabaglia.com\/index.php?rest_route=\/wp\/v2\/pages\/359\/revisions"}],"predecessor-version":[{"id":2107,"href":"https:\/\/www.collezioneharabaglia.com\/index.php?rest_route=\/wp\/v2\/pages\/359\/revisions\/2107"}],"wp:attachment":[{"href":"https:\/\/www.collezioneharabaglia.com\/index.php?rest_route=%2Fwp%2Fv2%2Fmedia&parent=359"}],"curies":[{"name":"wp","href":"https:\/\/api.w.org\/{rel}","templated":true}]}}